{"id":2045,"date":"2023-11-13T13:34:29","date_gmt":"2023-11-13T13:34:29","guid":{"rendered":"http:\/\/www.molina-spain.com\/company\/"},"modified":"2024-09-05T12:46:49","modified_gmt":"2024-09-05T12:46:49","slug":"company","status":"publish","type":"page","link":"https:\/\/www.molina-spain.com\/en\/company\/","title":{"rendered":"Company"},"content":{"rendered":"\t\t<div data-elementor-type=\"wp-page\" data-elementor-id=\"2045\" class=\"elementor elementor-2045 elementor-46\" data-elementor-post-type=\"page\">\n\t\t\t\t<div class=\"elementor-element elementor-element-343ea3c e-flex e-con-boxed e-con e-parent\" data-id=\"343ea3c\" data-element_type=\"container\" data-e-type=\"container\" data-settings=\"{&quot;background_background&quot;:&quot;classic&quot;}\">\n\t\t\t\t\t<div class=\"e-con-inner\">\n\t\t\t\t<div class=\"elementor-element elementor-element-ba60b5c elementor-widget elementor-widget-heading\" data-id=\"ba60b5c\" data-element_type=\"widget\" data-e-type=\"widget\" data-widget_type=\"heading.default\">\n\t\t\t\t\t<span class=\"elementor-heading-title elementor-size-default\">Welcome to our website.<br>Here you will find complete information about our company, products and services.<\/span>\t\t\t\t<\/div>\n\t\t<div class=\"elementor-element elementor-element-eda9506 e-grid e-con-boxed e-con e-child\" data-id=\"eda9506\" data-element_type=\"container\" data-e-type=\"container\">\n\t\t\t\t\t<div class=\"e-con-inner\">\n\t\t\t\t<div class=\"elementor-element elementor-element-7822084 elementor-widget elementor-widget-text-editor\" data-id=\"7822084\" data-element_type=\"widget\" data-e-type=\"widget\" data-widget_type=\"text-editor.default\">\n\t\t\t\t\t\t\t\t\t<p>In Molina we offer you the most complete and varied collection of religious jewelry. Here at Molina we bring you the most comprehensive collection of Liturgical Metalware. Both the quality and variety of our designs and styles will fully satisfy your expectations, regardless of the item you are looking for. Our long tradition in the manufacturing of \u00edtems for the Liturgy dates back from 1939.<\/p>\n<p>Today, Luis Molina Acedo, S.A. is a modern 100% family owned and run company already in the fourth generation with a dynamic and enthusiastic staff.<\/p>\n<p>We solely use the best materials combined with the expertise developed during all these years together with the most modern techniques in order to guarantee the highest level of quality.<\/p>\n\t\t\t\t\t\t\t\t<\/div>\n\t\t\t\t<div class=\"elementor-element elementor-element-9bbf83b elementor-widget elementor-widget-text-editor\" data-id=\"9bbf83b\" data-element_type=\"widget\" data-e-type=\"widget\" data-widget_type=\"text-editor.default\">\n\t\t\t\t\t\t\t\t\t<p>We currently offer three collections of religious art:<\/p>\n<p><strong>Artesan\u00eda Sacra\/Artistic Silver: Handcrafted products made by hand in our workshop in Madrid (Spain) by our qualified team of expert artisans and silversmiths with techniques that have not changed in centuries.<\/strong> With impeccable quality and elegant design, we offer a vast variety of styles and it represents the widest offer of high quality items for the celebration of the Christian Liturgy.<\/p>\n<p><strong>Artimetal<\/strong>: products conceived to offer our customers the highest quality at the best possible prices. Just as in the other two collections they are made by hand by our team of artisans with materials of the highest quality. Like the items in our other collections, they are handmade by our team of goldsmiths using the best materials available.<\/p>\n<p><strong>Procesionalia<\/strong>: within this collection we manufacture all elements needed by the brotherhoods to be used during Easter celebrations. This collection brings to our customers a pr\u00eat-\u00e0-porter system at the most competitive prices. You will certainly be able to cover all your needs for Procession within this collection.<\/p>\n\t\t\t\t\t\t\t\t<\/div>\n\t\t\t\t\t<\/div>\n\t\t\t\t<\/div>\n\t\t\t\t\t<\/div>\n\t\t\t\t<\/div>\n\t\t<div class=\"elementor-element elementor-element-3fc49ae e-grid e-con-boxed e-con e-parent\" data-id=\"3fc49ae\" data-element_type=\"container\" data-e-type=\"container\">\n\t\t\t\t\t<div class=\"e-con-inner\">\n\t\t\t\t<div class=\"elementor-element elementor-element-703cf5e elementor-widget elementor-widget-text-editor\" data-id=\"703cf5e\" data-element_type=\"widget\" data-e-type=\"widget\" data-widget_type=\"text-editor.default\">\n\t\t\t\t\t\t\t\t\t<p class=\"p1\"><b>Specialty manufacturing<\/b><\/p>\n<p class=\"p1\">No matter the degree of craftsmanship difficulty involved. Our design team and our expert craftsmen, specialized in all the techniques of the goldsmith art, will be able to develop any project turning it into a work of art that will last as such in time.<\/p>\n\t\t\t\t\t\t\t\t<\/div>\n\t\t\t\t<div class=\"elementor-element elementor-element-c91b756 elementor-widget elementor-widget-text-editor\" data-id=\"c91b756\" data-element_type=\"widget\" data-e-type=\"widget\" data-widget_type=\"text-editor.default\">\n\t\t\t\t\t\t\t\t\t<p class=\"p1\"><b>Restoration experience<\/b><\/p>\n<p class=\"p1\">We guarantee the preservation of authenticity and appearance, using the same handcrafted techniques as when the piece was originally made by its creator.<\/p>\n\t\t\t\t\t\t\t\t<\/div>\n\t\t\t\t\t<\/div>\n\t\t\t\t<\/div>\n\t\t<div class=\"elementor-element elementor-element-798489f e-grid e-con-boxed e-con e-parent\" data-id=\"798489f\" data-element_type=\"container\" data-e-type=\"container\" data-settings=\"{&quot;background_background&quot;:&quot;classic&quot;}\">\n\t\t\t\t\t<div class=\"e-con-inner\">\n\t\t\t\t<div class=\"elementor-element elementor-element-66a95bc elementor-widget elementor-widget-heading\" data-id=\"66a95bc\" data-element_type=\"widget\" data-e-type=\"widget\" data-widget_type=\"heading.default\">\n\t\t\t\t\t<h2 class=\"elementor-heading-title elementor-size-default\">Mission<\/h2>\t\t\t\t<\/div>\n\t\t\t\t<div class=\"elementor-element elementor-element-8d6f993 elementor-widget elementor-widget-heading\" data-id=\"8d6f993\" data-element_type=\"widget\" data-e-type=\"widget\" data-widget_type=\"heading.default\">\n\t\t\t\t\t<h2 class=\"elementor-heading-title elementor-size-default\">Vision<\/h2>\t\t\t\t<\/div>\n\t\t\t\t<div class=\"elementor-element elementor-element-0d50021 elementor-widget elementor-widget-text-editor\" data-id=\"0d50021\" data-element_type=\"widget\" data-e-type=\"widget\" data-widget_type=\"text-editor.default\">\n\t\t\t\t\t\t\t\t\t<p>The whole team of Luis Molina Acedo, S.A. aims to be the world&#8217;s leading company in high quality liturgical goldsmithing, offering its customers the best possible value for money and impeccable service.<\/p>\n\t\t\t\t\t\t\t\t<\/div>\n\t\t\t\t<div class=\"elementor-element elementor-element-86d77f3 elementor-widget elementor-widget-text-editor\" data-id=\"86d77f3\" data-element_type=\"widget\" data-e-type=\"widget\" data-widget_type=\"text-editor.default\">\n\t\t\t\t\t\t\t\t\t<p>Luis Molina Acedo, S.A. is ready to face the challenge of reconciling an eminently handcrafted production process with the quality standards of the current technological era and to continue its international development, especially in areas where its diffusion was limited until now.<\/p>\n\t\t\t\t\t\t\t\t<\/div>\n\t\t\t\t\t<\/div>\n\t\t\t\t<\/div>\n\t\t<div class=\"elementor-element elementor-element-af1b32e e-flex e-con-boxed e-con e-parent\" data-id=\"af1b32e\" data-element_type=\"container\" data-e-type=\"container\" data-settings=\"{&quot;background_background&quot;:&quot;classic&quot;}\">\n\t\t\t\t\t<div class=\"e-con-inner\">\n\t\t\t\t<div class=\"elementor-element elementor-element-4b79dc6 elementor-widget elementor-widget-heading\" data-id=\"4b79dc6\" data-element_type=\"widget\" data-e-type=\"widget\" data-widget_type=\"heading.default\">\n\t\t\t\t\t<span class=\"elementor-heading-title elementor-size-default\">Our history<\/span>\t\t\t\t<\/div>\n\t\t\t\t<div class=\"elementor-element elementor-element-06d8a41 elementor-widget elementor-widget-timeline-widget-addon\" data-id=\"06d8a41\" data-element_type=\"widget\" data-e-type=\"widget\" data-widget_type=\"timeline-widget-addon.default\">\n\t\t\t\t<div class=\"elementor-widget-container\">\n\t\t\t\t\t<!-- ========= Timeline Widget Addon For Elementor 1.6.24 ========= -->\n<div id=\"twae-wrapper-06d8a41\" class=\"twae-vertical twae-wrapper  twae-both-sided\">   \n    <div class=\"twae-start\"><\/div>    \n    <div id=\"twea-timeline-06d8a41\" class=\"twae-timeline\" ><!-- Start of Story Repeater Content --><div id=\"story-bd83c2d\" class=\"twae-story twae-repeater-item twae-story-right twae-story-no-icon\"><!-- Story Label --><div class=\"twae-labels\"><div class=\"twae-label-big\">1939<\/div><\/div><!-- Story Icon --><div class=\"twae-icon\"><i aria-hidden=\"true\" class=\"far fa-clock\"><\/i><\/div><!-- Story Arrow --><div class=\"twae-arrow\"><\/div><!-- Start of Story Content --><div class=\"twae-content\"><!-- Story Title --><div class=\"twae-title\">The apprentice<\/div><!-- Story Description --><div class=\"twae-description\"><p>Luis Molina Acedo began working as an apprentice goldsmith when he was only 15 years old in the Plata y Bronce workshops in Madrid, run by his father, Luis Molina P\u00e9rez. There he learned all the ancient techniques used by European goldsmiths, as well as the basics of artistic drawing. Soon he was already designing and building fine articles of ecclesiastical silverware that were sold throughout Spain.<\/p>\n<\/div><\/div><\/div><!-- Start of Story Repeater Content --><div id=\"story-9eff7a4\" class=\"twae-story twae-repeater-item twae-story-left twae-story-no-icon\"><!-- Story Label --><div class=\"twae-labels\"><div class=\"twae-label-big\">1949<\/div><\/div><!-- Story Icon --><div class=\"twae-icon\"><i aria-hidden=\"true\" class=\"far fa-clock\"><\/i><\/div><!-- Story Arrow --><div class=\"twae-arrow\"><\/div><!-- Start of Story Content --><div class=\"twae-content\"><!-- Story Title --><div class=\"twae-title\">Ecuador<\/div><!-- Story Description --><div class=\"twae-description\"><p>Luis Molina Acedo emigrates to Ecuador with his wife and son, establishing a small silversmith workshop in Quito. His reputation is growing rapidly among the active Christian community in South America. <br \/><span style=\"text-align: var(--tw-cbx-text-align-alternate)\">Opens a second workshop in Lima, Peru.<\/span><\/p>\n<\/div><\/div><\/div><!-- Start of Story Repeater Content --><div id=\"story-d9f48df\" class=\"twae-story twae-repeater-item twae-story-right twae-story-no-icon\"><!-- Story Label --><div class=\"twae-labels\"><div class=\"twae-label-big\">1960<\/div><\/div><!-- Story Icon --><div class=\"twae-icon\"><i aria-hidden=\"true\" class=\"far fa-clock\"><\/i><\/div><!-- Story Arrow --><div class=\"twae-arrow\"><\/div><!-- Start of Story Content --><div class=\"twae-content\"><!-- Story Title --><div class=\"twae-title\">Return to Spain<\/div><!-- Story Description --><div class=\"twae-description\"><p>In the mid 50's he returned to Spain and in 1960 he founded the current workshops in Madrid, fulfilling his dream.<\/p>\n<\/div><\/div><\/div><!-- Start of Story Repeater Content --><div id=\"story-7987231\" class=\"twae-story twae-repeater-item twae-story-left twae-story-no-icon\"><!-- Story Label --><div class=\"twae-labels\"><div class=\"twae-label-big\">1966<\/div><\/div><!-- Story Icon --><div class=\"twae-icon\"><i aria-hidden=\"true\" class=\"far fa-clock\"><\/i><\/div><!-- Story Arrow --><div class=\"twae-arrow\"><\/div><!-- Start of Story Content --><div class=\"twae-content\"><!-- Story Title --><div class=\"twae-title\">The staff<\/div><!-- Story Description --><div class=\"twae-description\"><p>The workforce now exceeds 50 skilled workers, while the old European religious goldsmith workshops were beginning to disappear.<\/p>\n<\/div><\/div><\/div><!-- Start of Story Repeater Content --><div id=\"story-d70cba6\" class=\"twae-story twae-repeater-item twae-story-right twae-story-no-icon\"><!-- Story Label --><div class=\"twae-labels\"><div class=\"twae-label-big\">1981<\/div><\/div><!-- Story Icon --><div class=\"twae-icon\"><i aria-hidden=\"true\" class=\"far fa-clock\"><\/i><\/div><!-- Story Arrow --><div class=\"twae-arrow\"><\/div><!-- Start of Story Content --><div class=\"twae-content\"><!-- Story Title --><div class=\"twae-title\">First distribution center<\/div><!-- Story Description --><div class=\"twae-description\"><p>A distribution and logistics center is created in Warwick, Rhode Island to channel all products and services to our network of distributors in North America.<\/p>\n<\/div><\/div><\/div><!-- Start of Story Repeater Content --><div id=\"story-490a7b5\" class=\"twae-story twae-repeater-item twae-story-left twae-story-no-icon\"><!-- Story Label --><div class=\"twae-labels\"><div class=\"twae-label-big\">1983, 1985 y 1986<\/div><\/div><!-- Story Icon --><div class=\"twae-icon\"><i aria-hidden=\"true\" class=\"far fa-clock\"><\/i><\/div><!-- Story Arrow --><div class=\"twae-arrow\"><\/div><!-- Start of Story Content --><div class=\"twae-content\"><!-- Story Title --><div class=\"twae-title\">Award<\/div><!-- Story Description --><div class=\"twae-description\"><p>The company was awarded the Gold Medal by the Chamber of Commerce and Industry of Madrid for its annual export volume in those years.<\/p>\n<\/div><\/div><\/div><!-- Start of Story Repeater Content --><div id=\"story-fe5448f\" class=\"twae-story twae-repeater-item twae-story-right twae-story-no-icon\"><!-- Story Label --><div class=\"twae-labels\"><div class=\"twae-label-big\">2007<\/div><\/div><!-- Story Icon --><div class=\"twae-icon\"><i aria-hidden=\"true\" class=\"far fa-clock\"><\/i><\/div><!-- Story Arrow --><div class=\"twae-arrow\"><\/div><!-- Start of Story Content --><div class=\"twae-content\"><!-- Story Title --><div class=\"twae-title\">Ra\u00fal Molina (son of Lu\u00eds Molina)<\/div><!-- Story Description --><div class=\"twae-description\"><p>Assumes management and ownership of the Company<\/p>\n<\/div><\/div><\/div><!-- Start of Story Repeater Content --><div id=\"story-b176c9b\" class=\"twae-story twae-repeater-item twae-story-left twae-story-no-icon\"><!-- Story Label --><div class=\"twae-labels\"><div class=\"twae-label-big\">2021<\/div><\/div><!-- Story Icon --><div class=\"twae-icon\"><i aria-hidden=\"true\" class=\"far fa-clock\"><\/i><\/div><!-- Story Arrow --><div class=\"twae-arrow\"><\/div><!-- Start of Story Content --><div class=\"twae-content\"><!-- Story Title --><div class=\"twae-title\">New headquarters<\/div><!-- Story Description --><div class=\"twae-description\"><p>It opens its new headquarters in Algete (Madrid).<\/p>\n<\/div><\/div><\/div><\/div>\n    <div class=\"twae-end\"><\/div>\n    <\/div><style type=\"text\/css\">@media (max-width: 1024px){ .twae-wrapper{--tw-ybx-size: 80px !important;}}@media (max-width: 767px){ .twae-wrapper{--tw-ybx-size: 80px !important}}<\/style>\t\t\t\t<\/div>\n\t\t\t\t<\/div>\n\t\t\t\t\t<\/div>\n\t\t\t\t<\/div>\n\t\t\t\t<\/div>\n\t\t","protected":false},"excerpt":{"rendered":"<p>Welcome to our website.Here you will find complete information about our company, products and services. In Molina we offer you the most complete and varied collection of religious jewelry. Here at Molina we bring you the most comprehensive collection of Liturgical Metalware. Both the quality and variety of our designs and styles will fully satisfy [&hellip;]<\/p>\n","protected":false},"author":1,"featured_media":2276,"parent":0,"menu_order":0,"comment_status":"closed","ping_status":"closed","template":"","meta":{"_acf_changed":false,"footnotes":""},"class_list":["post-2045","page","type-page","status-publish","has-post-thumbnail","hentry"],"acf":[],"yoast_head":"<!-- This site is optimized with the Yoast SEO plugin v27.5 - https:\/\/yoast.com\/product\/yoast-seo-wordpress\/ -->\n<title>Company - Molina<\/title>\n<meta name=\"description\" content=\"In Molina we have the most complete and varied collection of religious jewelry. We guarantee the conservation of authenticity and appearance.\" \/>\n<meta name=\"robots\" content=\"index, follow, max-snippet:-1, max-image-preview:large, max-video-preview:-1\" \/>\n<link rel=\"canonical\" href=\"https:\/\/www.molina-spain.com\/en\/company\/\" \/>\n<meta property=\"og:locale\" content=\"en_US\" \/>\n<meta property=\"og:type\" content=\"article\" \/>\n<meta property=\"og:title\" content=\"Company - Molina\" \/>\n<meta property=\"og:description\" content=\"In Molina we have the most complete and varied collection of religious jewelry. We guarantee the conservation of authenticity and appearance.\" \/>\n<meta property=\"og:url\" content=\"https:\/\/www.molina-spain.com\/en\/company\/\" \/>\n<meta property=\"og:site_name\" content=\"Molina\" \/>\n<meta property=\"article:modified_time\" content=\"2024-09-05T12:46:49+00:00\" \/>\n<meta property=\"og:image\" content=\"https:\/\/www.molina-spain.com\/wp-content\/uploads\/2023\/11\/logo-Molina.png\" \/>\n\t<meta property=\"og:image:width\" content=\"600\" \/>\n\t<meta property=\"og:image:height\" content=\"600\" \/>\n\t<meta property=\"og:image:type\" content=\"image\/png\" \/>\n<meta name=\"twitter:card\" content=\"summary_large_image\" \/>\n<meta name=\"twitter:label1\" content=\"Est. reading time\" \/>\n\t<meta name=\"twitter:data1\" content=\"4 minutes\" \/>\n<script type=\"application\/ld+json\" class=\"yoast-schema-graph\">{\"@context\":\"https:\\\/\\\/schema.org\",\"@graph\":[{\"@type\":\"WebPage\",\"@id\":\"https:\\\/\\\/www.molina-spain.com\\\/en\\\/company\\\/\",\"url\":\"https:\\\/\\\/www.molina-spain.com\\\/en\\\/company\\\/\",\"name\":\"Company - Molina\",\"isPartOf\":{\"@id\":\"https:\\\/\\\/www.molina-spain.com\\\/en\\\/#website\"},\"primaryImageOfPage\":{\"@id\":\"https:\\\/\\\/www.molina-spain.com\\\/en\\\/company\\\/#primaryimage\"},\"image\":{\"@id\":\"https:\\\/\\\/www.molina-spain.com\\\/en\\\/company\\\/#primaryimage\"},\"thumbnailUrl\":\"https:\\\/\\\/www.molina-spain.com\\\/wp-content\\\/uploads\\\/2023\\\/11\\\/Molina-Flechas-1.png\",\"datePublished\":\"2023-11-13T13:34:29+00:00\",\"dateModified\":\"2024-09-05T12:46:49+00:00\",\"description\":\"In Molina we have the most complete and varied collection of religious jewelry. We guarantee the conservation of authenticity and appearance.\",\"breadcrumb\":{\"@id\":\"https:\\\/\\\/www.molina-spain.com\\\/en\\\/company\\\/#breadcrumb\"},\"inLanguage\":\"en-US\",\"potentialAction\":[{\"@type\":\"ReadAction\",\"target\":[\"https:\\\/\\\/www.molina-spain.com\\\/en\\\/company\\\/\"]}]},{\"@type\":\"ImageObject\",\"inLanguage\":\"en-US\",\"@id\":\"https:\\\/\\\/www.molina-spain.com\\\/en\\\/company\\\/#primaryimage\",\"url\":\"https:\\\/\\\/www.molina-spain.com\\\/wp-content\\\/uploads\\\/2023\\\/11\\\/Molina-Flechas-1.png\",\"contentUrl\":\"https:\\\/\\\/www.molina-spain.com\\\/wp-content\\\/uploads\\\/2023\\\/11\\\/Molina-Flechas-1.png\",\"width\":2560,\"height\":1441,\"caption\":\"Empresa de productos de Liturgia. Disponemos la m\u00e1s completa colecci\u00f3n de orfebrer\u00eda religiosa en la actividad al servicio de la Liturgia.\"},{\"@type\":\"BreadcrumbList\",\"@id\":\"https:\\\/\\\/www.molina-spain.com\\\/en\\\/company\\\/#breadcrumb\",\"itemListElement\":[{\"@type\":\"ListItem\",\"position\":1,\"name\":\"Portada\",\"item\":\"https:\\\/\\\/www.molina-spain.com\\\/en\\\/\"},{\"@type\":\"ListItem\",\"position\":2,\"name\":\"Company\"}]},{\"@type\":\"WebSite\",\"@id\":\"https:\\\/\\\/www.molina-spain.com\\\/en\\\/#website\",\"url\":\"https:\\\/\\\/www.molina-spain.com\\\/en\\\/\",\"name\":\"Molina\",\"description\":\"Artesan\u00eda Sacra\",\"publisher\":{\"@id\":\"https:\\\/\\\/www.molina-spain.com\\\/en\\\/#organization\"},\"alternateName\":\"Molina Spain\",\"potentialAction\":[{\"@type\":\"SearchAction\",\"target\":{\"@type\":\"EntryPoint\",\"urlTemplate\":\"https:\\\/\\\/www.molina-spain.com\\\/en\\\/?s={search_term_string}\"},\"query-input\":{\"@type\":\"PropertyValueSpecification\",\"valueRequired\":true,\"valueName\":\"search_term_string\"}}],\"inLanguage\":\"en-US\"},{\"@type\":\"Organization\",\"@id\":\"https:\\\/\\\/www.molina-spain.com\\\/en\\\/#organization\",\"name\":\"Molina\",\"url\":\"https:\\\/\\\/www.molina-spain.com\\\/en\\\/\",\"logo\":{\"@type\":\"ImageObject\",\"inLanguage\":\"en-US\",\"@id\":\"https:\\\/\\\/www.molina-spain.com\\\/en\\\/#\\\/schema\\\/logo\\\/image\\\/\",\"url\":\"https:\\\/\\\/www.molina-spain.com\\\/wp-content\\\/uploads\\\/2023\\\/11\\\/cropped-logo-Molina-e1702477603118.png\",\"contentUrl\":\"https:\\\/\\\/www.molina-spain.com\\\/wp-content\\\/uploads\\\/2023\\\/11\\\/cropped-logo-Molina-e1702477603118.png\",\"width\":350,\"height\":350,\"caption\":\"Molina\"},\"image\":{\"@id\":\"https:\\\/\\\/www.molina-spain.com\\\/en\\\/#\\\/schema\\\/logo\\\/image\\\/\"},\"sameAs\":[\"https:\\\/\\\/www.youtube.com\\\/user\\\/QualitySilversmiths\"]}]}<\/script>\n<!-- \/ Yoast SEO plugin. -->","yoast_head_json":{"title":"Company - Molina","description":"In Molina we have the most complete and varied collection of religious jewelry. We guarantee the conservation of authenticity and appearance.","robots":{"index":"index","follow":"follow","max-snippet":"max-snippet:-1","max-image-preview":"max-image-preview:large","max-video-preview":"max-video-preview:-1"},"canonical":"https:\/\/www.molina-spain.com\/en\/company\/","og_locale":"en_US","og_type":"article","og_title":"Company - Molina","og_description":"In Molina we have the most complete and varied collection of religious jewelry. We guarantee the conservation of authenticity and appearance.","og_url":"https:\/\/www.molina-spain.com\/en\/company\/","og_site_name":"Molina","article_modified_time":"2024-09-05T12:46:49+00:00","og_image":[{"width":600,"height":600,"url":"https:\/\/www.molina-spain.com\/wp-content\/uploads\/2023\/11\/logo-Molina.png","type":"image\/png"}],"twitter_card":"summary_large_image","twitter_misc":{"Est. reading time":"4 minutes"},"schema":{"@context":"https:\/\/schema.org","@graph":[{"@type":"WebPage","@id":"https:\/\/www.molina-spain.com\/en\/company\/","url":"https:\/\/www.molina-spain.com\/en\/company\/","name":"Company - Molina","isPartOf":{"@id":"https:\/\/www.molina-spain.com\/en\/#website"},"primaryImageOfPage":{"@id":"https:\/\/www.molina-spain.com\/en\/company\/#primaryimage"},"image":{"@id":"https:\/\/www.molina-spain.com\/en\/company\/#primaryimage"},"thumbnailUrl":"https:\/\/www.molina-spain.com\/wp-content\/uploads\/2023\/11\/Molina-Flechas-1.png","datePublished":"2023-11-13T13:34:29+00:00","dateModified":"2024-09-05T12:46:49+00:00","description":"In Molina we have the most complete and varied collection of religious jewelry. We guarantee the conservation of authenticity and appearance.","breadcrumb":{"@id":"https:\/\/www.molina-spain.com\/en\/company\/#breadcrumb"},"inLanguage":"en-US","potentialAction":[{"@type":"ReadAction","target":["https:\/\/www.molina-spain.com\/en\/company\/"]}]},{"@type":"ImageObject","inLanguage":"en-US","@id":"https:\/\/www.molina-spain.com\/en\/company\/#primaryimage","url":"https:\/\/www.molina-spain.com\/wp-content\/uploads\/2023\/11\/Molina-Flechas-1.png","contentUrl":"https:\/\/www.molina-spain.com\/wp-content\/uploads\/2023\/11\/Molina-Flechas-1.png","width":2560,"height":1441,"caption":"Empresa de productos de Liturgia. Disponemos la m\u00e1s completa colecci\u00f3n de orfebrer\u00eda religiosa en la actividad al servicio de la Liturgia."},{"@type":"BreadcrumbList","@id":"https:\/\/www.molina-spain.com\/en\/company\/#breadcrumb","itemListElement":[{"@type":"ListItem","position":1,"name":"Portada","item":"https:\/\/www.molina-spain.com\/en\/"},{"@type":"ListItem","position":2,"name":"Company"}]},{"@type":"WebSite","@id":"https:\/\/www.molina-spain.com\/en\/#website","url":"https:\/\/www.molina-spain.com\/en\/","name":"Molina","description":"Artesan\u00eda Sacra","publisher":{"@id":"https:\/\/www.molina-spain.com\/en\/#organization"},"alternateName":"Molina Spain","potentialAction":[{"@type":"SearchAction","target":{"@type":"EntryPoint","urlTemplate":"https:\/\/www.molina-spain.com\/en\/?s={search_term_string}"},"query-input":{"@type":"PropertyValueSpecification","valueRequired":true,"valueName":"search_term_string"}}],"inLanguage":"en-US"},{"@type":"Organization","@id":"https:\/\/www.molina-spain.com\/en\/#organization","name":"Molina","url":"https:\/\/www.molina-spain.com\/en\/","logo":{"@type":"ImageObject","inLanguage":"en-US","@id":"https:\/\/www.molina-spain.com\/en\/#\/schema\/logo\/image\/","url":"https:\/\/www.molina-spain.com\/wp-content\/uploads\/2023\/11\/cropped-logo-Molina-e1702477603118.png","contentUrl":"https:\/\/www.molina-spain.com\/wp-content\/uploads\/2023\/11\/cropped-logo-Molina-e1702477603118.png","width":350,"height":350,"caption":"Molina"},"image":{"@id":"https:\/\/www.molina-spain.com\/en\/#\/schema\/logo\/image\/"},"sameAs":["https:\/\/www.youtube.com\/user\/QualitySilversmiths"]}]}},"_links":{"self":[{"href":"https:\/\/www.molina-spain.com\/en\/wp-json\/wp\/v2\/pages\/2045","targetHints":{"allow":["GET"]}}],"collection":[{"href":"https:\/\/www.molina-spain.com\/en\/wp-json\/wp\/v2\/pages"}],"about":[{"href":"https:\/\/www.molina-spain.com\/en\/wp-json\/wp\/v2\/types\/page"}],"author":[{"embeddable":true,"href":"https:\/\/www.molina-spain.com\/en\/wp-json\/wp\/v2\/users\/1"}],"replies":[{"embeddable":true,"href":"https:\/\/www.molina-spain.com\/en\/wp-json\/wp\/v2\/comments?post=2045"}],"version-history":[{"count":9,"href":"https:\/\/www.molina-spain.com\/en\/wp-json\/wp\/v2\/pages\/2045\/revisions"}],"predecessor-version":[{"id":2312,"href":"https:\/\/www.molina-spain.com\/en\/wp-json\/wp\/v2\/pages\/2045\/revisions\/2312"}],"wp:featuredmedia":[{"embeddable":true,"href":"https:\/\/www.molina-spain.com\/en\/wp-json\/wp\/v2\/media\/2276"}],"wp:attachment":[{"href":"https:\/\/www.molina-spain.com\/en\/wp-json\/wp\/v2\/media?parent=2045"}],"curies":[{"name":"wp","href":"https:\/\/api.w.org\/{rel}","templated":true}]}}